{"id":799,"date":"2016-06-15T15:46:35","date_gmt":"2016-06-15T15:46:35","guid":{"rendered":"http:\/\/www.heizungen-klima-sanitaer.com\/?page_id=799"},"modified":"2016-06-20T12:58:18","modified_gmt":"2016-06-20T12:58:18","slug":"begutachtung","status":"publish","type":"page","link":"https:\/\/heizungen-klima-sanitaer.de\/page\/begutachtung\/","title":{"rendered":"Begutachtung &#8211; Geldsparen durch Begutachtung"},"content":{"rendered":"<p><a href=\"https:\/\/heizungen-klima-sanitaer.de\/page\/wp-content\/uploads\/begutachtung.jpg\"><img loading=\"lazy\" decoding=\"async\" class=\"aligncenter wp-image-804 size-full\" title=\"Begutachtung - Geldsparen durch Begutachtung\" src=\"https:\/\/heizungen-klima-sanitaer.de\/page\/wp-content\/uploads\/begutachtung.jpg\" alt=\"begutachtung - geldsparen durch begutachtung\" width=\"700\" height=\"232\" srcset=\"https:\/\/heizungen-klima-sanitaer.de\/page\/wp-content\/uploads\/begutachtung.jpg 700w, https:\/\/heizungen-klima-sanitaer.de\/page\/wp-content\/uploads\/begutachtung-300x99.jpg 300w\" sizes=\"auto, (max-width: 700px) 100vw, 700px\" \/><\/a><\/p>\n<div class=\"mom_hr mom_hr_square mom_hr_ mom_hr_medium\" style=\"margin-top:15px;margin-bottom:15px;\"><span class=\"mom_inner_hr\"><i><\/i><\/span><\/div>\n<h4><span class=\"dropcap _dc\" style=\"color:#b44242;\">B<\/span><em><span style=\"color: #b44242;\">egutachtung<\/span>\u00a0\u2013 <\/em><span style=\"font-size: 14px;\">Heizung Klima Sanit\u00e4r und Solaranlagen Begutachtung. Warum?\u00a0<\/span><em>Begutachtung speziell vor Immobilienkauf oder Anmietung:<\/em><\/h4>\n<div class=\"clear\" style=\"height:10px;\"><\/div>\n<blockquote><p><span style=\"color: #333300;\">In vielen F\u00e4llen ist es besser den Zustand des Objektes zu kennen bevor man investiert. Nur so kann man sich beim Erwerb vor zus\u00e4tzlichen Kosten sch\u00fctzen.<br \/>\n<\/span><\/p><\/blockquote>\n<blockquote><p><span style=\"color: #333300;\">Sollten M\u00e4ngel vorhanden sein, die eine beachtliche Wertminderung darstellen oder einen erheblichen Schaden verursachen k\u00f6nnen, lohnt sich eine im Vergleich kleine Investition. <\/span><\/p><\/blockquote>\n<blockquote><p><span style=\"color: #333300;\">Sch\u00fctzen Sie sich; \u201cK\u00e4ufer und Verk\u00e4ufer\u201c damit es sp\u00e4ter nicht zu Unannehmlichkeiten kommt. Der Preis einer Begutachtung errechnet sich auf Gr\u00f6\u00dfe und Umfang der Anlagen. <\/span><\/p><\/blockquote>\n<h3><span style=\"color: #b44242; font-size: 15px;\"><strong><span class=\"mom_icona iconb_wrap \"style=\"\"><i class=\"momizat-icon-checkbox-checked mom_icon\" style=\"font-size:16px; color:;\"><\/i><\/span>\u00a0<span style=\"color: #333300;\">Heizkosten sparen:<\/span><\/strong><\/span><\/h3>\n<blockquote class=\"mom_quote \" style=\"font-family:;border-left-color:#023f5e; color:#000000; \"><\/p>\n<ul>\n<li>Heizungsanlage ist eine der gr\u00f6\u00dften Energieverbraucher im Haushalt.<\/li>\n<li>Kaufe ich mit dieser Immobilie ein \u00fcberaltertes und nicht mehr funktionsf\u00e4higes System?<\/li>\n<li>Wie hoch w\u00e4ren die Kosten einer Modernisierung?<\/li>\n<li>Ein modernisiertes Heizsystem macht sich schneller bezahlt als man denkt.<\/li>\n<li>Wir \u00fcberpr\u00fcfen das gesamte System auf seine Funktion, und unterbreiten Ihnen Vorschl\u00e4ge zur Optimierung.<\/li>\n<\/ul>\n<p><\/blockquote>\n<div class=\"clear\" style=\"height:15px;\"><\/div>\n<h3><span style=\"color: #b44242; font-size: 15px;\"><strong><span class=\"mom_icona iconb_wrap \"style=\"\"><i class=\"momizat-icon-checkbox-checked mom_icon\" style=\"font-size:16px; color:;\"><\/i><\/span>\u00a0<span style=\"color: #333300;\">Ferienobjekte, Landhotels, Landh\u00e4user und Fincas sollten:<\/span><\/strong><\/span><\/h3>\n<blockquote class=\"mom_quote \" style=\"font-family:;border-left-color:#b44242; color:#000000; \"><\/p>\n<p>Egal ob Neu oder Altbau vor\u00a0dem Kauf begutachtet werden um b\u00f6se \u00dcberraschungen zu vermeiden und in der Zukunft eine reibungslose Funktionalit\u00e4t zu gew\u00e4hren.<\/p>\n<div class=\"clear\" style=\"height:10px;\"><\/div>\n<p>Entsprechen die Anlagen noch den geltenden Anforderungen oder Gesetzen?<\/p>\n<p><\/blockquote>\n<div class=\"clear\" style=\"height:15px;\"><\/div>\n<h3><span style=\"color: #b44242; font-size: 15px;\"><strong><span class=\"mom_icona iconb_wrap \"style=\"\"><i class=\"momizat-icon-checkbox-checked mom_icon\" style=\"font-size:16px; color:;\"><\/i><\/span>\u00a0<span style=\"color: #333300;\">Sanit\u00e4re Anlagen:<\/span><\/strong><\/span><\/h3>\n<blockquote class=\"mom_quote \" style=\"font-family:;border-left-color:#023f5e; color:#000000; \"><\/p>\n<p>Oft bleiben alten Leitungen nach Renovierungen in der Wand, diese sind entscheidend f\u00fcr die Wasserqualit\u00e4t und Gesundheit.<\/p>\n<div class=\"clear\" style=\"height:10px;\"><\/div>\n<p>Wir \u00fcberpr\u00fcfen den generellen Zustand <em>aller Verteiler, Pumpen, Dichtungen, Motoren, Filteranlagen und Materialien.<\/em><\/p>\n<p><\/blockquote>\n<div class=\"clear\" style=\"height:15px;\"><\/div>\n<h3><span style=\"color: #b44242; font-size: 15px;\"><strong><span class=\"mom_icona iconb_wrap \"style=\"\"><i class=\"momizat-icon-checkbox-checked mom_icon\" style=\"font-size:16px; color:;\"><\/i><\/span>\u00a0<span style=\"color: #333300;\">Klimaanlagen:<\/span><\/strong><\/span><\/h3>\n<blockquote class=\"mom_quote \" style=\"font-family:;border-left-color:#b44242; color:#000000; \"><\/p>\n<p>\u00dcberpr\u00fcfung auf Funktion der Anlage sowie des K\u00e4ltemittels.<\/p>\n<div class=\"clear\" style=\"height:10px;\"><\/div>\n<p>Verschiedene K\u00e4ltemittel sind mittlerweile verboten und somit nicht mehr erh\u00e4ltlich.<\/p>\n<p><\/blockquote>\n<div class=\"clear\" style=\"height:20px;\"><\/div>\n<div class=\"mom_hr mom_hr_square mom_hr_ mom_hr_medium\" style=\"margin-top:5px;margin-bottom:15px;\"><span class=\"mom_inner_hr\"><i><\/i><\/span><\/div>\n<blockquote class=\"mom_quote \" style=\"font-family:;border-left-color:#023f5e; color:#000000; \"><span class=\"quote-arrow\" style=\"border-left-color:#023f5e;\"><\/span><\/p>\n<blockquote><p>Wir \u00fcberpr\u00fcfen au\u00dferdem auch Solaranlagen zur Warmwasseraufbereitung und Heizungsunterst\u00fctzung.<\/p><\/blockquote>\n<div class=\"clear\" style=\"height:15px;\"><\/div>\n<blockquote><p><em>Rufen Sie uns an und erfahren Sie mehr in einem pers\u00f6nlichen Gespr\u00e4ch mit dem Fachmann.<\/em><\/p><\/blockquote>\n<p><\/blockquote>\n<div class=\"clear\" style=\"height:20px;\"><\/div>\n","protected":false},"excerpt":{"rendered":"<p>egutachtung\u00a0\u2013 Heizung Klima Sanit\u00e4r und Solaranlagen Begutachtung. Warum?\u00a0Begutachtung speziell vor Immobilienkauf oder Anmietung: In vielen F\u00e4llen ist es besser den Zustand des Objektes zu kennen bevor man investiert. Nur so kann man sich beim Erwerb vor zus\u00e4tzlichen Kosten sch\u00fctzen. Sollten M\u00e4ngel vorhanden sein, die eine beachtliche Wertminderung darstellen oder einen erheblichen Schaden verursachen k\u00f6nnen, lohnt [&hellip;]<\/p>\n","protected":false},"author":2,"featured_media":0,"parent":0,"menu_order":0,"comment_status":"closed","ping_status":"closed","template":"","meta":{"footnotes":""},"class_list":["post-799","page","type-page","status-publish"],"_links":{"self":[{"href":"https:\/\/heizungen-klima-sanitaer.de\/page\/wp-json\/wp\/v2\/pages\/799","targetHints":{"allow":["GET"]}}],"collection":[{"href":"https:\/\/heizungen-klima-sanitaer.de\/page\/wp-json\/wp\/v2\/pages"}],"about":[{"href":"https:\/\/heizungen-klima-sanitaer.de\/page\/wp-json\/wp\/v2\/types\/page"}],"author":[{"embeddable":true,"href":"https:\/\/heizungen-klima-sanitaer.de\/page\/wp-json\/wp\/v2\/users\/2"}],"replies":[{"embeddable":true,"href":"https:\/\/heizungen-klima-sanitaer.de\/page\/wp-json\/wp\/v2\/comments?post=799"}],"version-history":[{"count":0,"href":"https:\/\/heizungen-klima-sanitaer.de\/page\/wp-json\/wp\/v2\/pages\/799\/revisions"}],"wp:attachment":[{"href":"https:\/\/heizungen-klima-sanitaer.de\/page\/wp-json\/wp\/v2\/media?parent=799"}],"curies":[{"name":"wp","href":"https:\/\/api.w.org\/{rel}","templated":true}]}}