{"id":22,"date":"2015-04-22T10:26:43","date_gmt":"2015-04-22T10:26:43","guid":{"rendered":"http:\/\/www.heizungen-klima-sanitaer.com\/?page_id=22"},"modified":"2016-06-19T13:16:28","modified_gmt":"2016-06-19T13:16:28","slug":"solaranlagen","status":"publish","type":"page","link":"https:\/\/heizungen-klima-sanitaer.de\/page\/solaranlagen\/","title":{"rendered":"Solaranlagen &#8211; Solarenergie und Solarsysteme"},"content":{"rendered":"<div id='gallery-1' class='gallery galleryid-22 gallery-columns-3 gallery-size-medium'><dl class='gallery-item'>\n\t\t\t<dt class='gallery-icon landscape'>\n\t\t\t\t<a href='https:\/\/heizungen-klima-sanitaer.de\/page\/wp-content\/uploads\/solaranlagen\/solaranlagen.jpg'><img loading=\"lazy\" decoding=\"async\" width=\"300\" height=\"225\" src=\"https:\/\/heizungen-klima-sanitaer.de\/page\/wp-content\/uploads\/solaranlagen\/solaranlagen-300x225.jpg\" class=\"attachment-medium size-medium\" alt=\"1-Solaranlagen - Solarenergie und Solarsysteme Mallorca\" srcset=\"https:\/\/heizungen-klima-sanitaer.de\/page\/wp-content\/uploads\/solaranlagen\/solaranlagen-300x225.jpg 300w, https:\/\/heizungen-klima-sanitaer.de\/page\/wp-content\/uploads\/solaranlagen\/solaranlagen-45x35.jpg 45w, https:\/\/heizungen-klima-sanitaer.de\/page\/wp-content\/uploads\/solaranlagen\/solaranlagen.jpg 801w\" sizes=\"auto, (max-width: 300px) 100vw, 300px\" \/><\/a>\n\t\t\t<\/dt><\/dl><dl class='gallery-item'>\n\t\t\t<dt class='gallery-icon landscape'>\n\t\t\t\t<a href='https:\/\/heizungen-klima-sanitaer.de\/page\/wp-content\/uploads\/solaranlagen\/solarenergie.jpg'><img loading=\"lazy\" decoding=\"async\" width=\"300\" height=\"226\" src=\"https:\/\/heizungen-klima-sanitaer.de\/page\/wp-content\/uploads\/solaranlagen\/solarenergie-300x226.jpg\" class=\"attachment-medium size-medium\" alt=\"2-Solaranlagen - Solarenergie und Solarsysteme Mallorca\" srcset=\"https:\/\/heizungen-klima-sanitaer.de\/page\/wp-content\/uploads\/solaranlagen\/solarenergie-300x226.jpg 300w, https:\/\/heizungen-klima-sanitaer.de\/page\/wp-content\/uploads\/solaranlagen\/solarenergie-45x35.jpg 45w, https:\/\/heizungen-klima-sanitaer.de\/page\/wp-content\/uploads\/solaranlagen\/solarenergie.jpg 801w\" sizes=\"auto, (max-width: 300px) 100vw, 300px\" \/><\/a>\n\t\t\t<\/dt><\/dl><dl class='gallery-item'>\n\t\t\t<dt class='gallery-icon landscape'>\n\t\t\t\t<a href='https:\/\/heizungen-klima-sanitaer.de\/page\/wp-content\/uploads\/solaranlagen\/solarsysteme.jpg'><img loading=\"lazy\" decoding=\"async\" width=\"300\" height=\"225\" src=\"https:\/\/heizungen-klima-sanitaer.de\/page\/wp-content\/uploads\/solaranlagen\/solarsysteme-300x225.jpg\" class=\"attachment-medium size-medium\" alt=\"3-Solaranlagen - Solarenergie und Solarsysteme Mallorca\" srcset=\"https:\/\/heizungen-klima-sanitaer.de\/page\/wp-content\/uploads\/solaranlagen\/solarsysteme-300x225.jpg 300w, https:\/\/heizungen-klima-sanitaer.de\/page\/wp-content\/uploads\/solaranlagen\/solarsysteme-45x35.jpg 45w, https:\/\/heizungen-klima-sanitaer.de\/page\/wp-content\/uploads\/solaranlagen\/solarsysteme.jpg 801w\" sizes=\"auto, (max-width: 300px) 100vw, 300px\" \/><\/a>\n\t\t\t<\/dt><\/dl><br style=\"clear: both\" \/>\n\t\t<\/div>\n\n<div class=\"mom_hr mom_hr_square mom_hr_ mom_hr_medium\" style=\"margin-top:5px;margin-bottom:15px;\"><span class=\"mom_inner_hr\"><i><\/i><\/span><\/div>\n<h4><span class=\"dropcap _dc\" style=\"color:#b44242;\">S<\/span><em><span style=\"color: #b44242;\">olaranlagen<\/span>\u00a0\u2013 <\/em><span style=\"font-size: 14px;\">Die Kraft der Sonnenergie.\u00a0F\u00fcr alle, die mit wenig Aufwand mehr erreichen wollen \/ Bis zu 70 Prozent Kostensenkung. <strong>Ein unersch\u00f6pfliches Energiereservoir.<\/strong><\/span><\/h4>\n<div class=\"clear\" style=\"height:10px;\"><\/div>\n<blockquote><p><span style=\"color: #333300;\">Solarw\u00e4rme ist vor allem die zukunftsweisende Technik zur Erw\u00e4rmung von Brauchwasser. Der Grossteil der ben\u00f6tigten Energie kommt direkt von der Sonne.<\/span><\/p><\/blockquote>\n<blockquote><p><span style=\"color: #333300;\">Solaranlagen sind eine sinnvolle und g\u00fcnstige Erg\u00e4nzung der Heizung. In Kombination mit beispielsweise einer W\u00e4rmepumpe, wird der Energieverbrauch und somit die Heizkosten wesentlich gesenkt.<\/span><\/p><\/blockquote>\n<blockquote><p><span style=\"color: #333300;\">Nutzen Sie die Sonne effektiv durch Hochleistungs-Kollektoren und Solarspeichern mit vergr\u00f6\u00dferten W\u00e4rmetauschern. So k\u00f6nnen die Gesamtheizkosten bis zu einem Drittel gesenkt werden.<\/span><\/p><\/blockquote>\n<h3><span style=\"color: #b44242; font-size: 15px;\"><strong><span class=\"mom_icona iconb_wrap \"style=\"\"><i class=\"momizat-icon-checkbox-checked mom_icon\" style=\"font-size:16px; color:;\"><\/i><\/span>\u00a0<span style=\"color: #333300;\">Wirtschaftlichkeit:<\/span><\/strong> <\/span><\/h3>\n<blockquote class=\"mom_quote \" style=\"font-family:;border-left-color:#023f5e; color:#000000; \"><\/p>\n<ul>\n<li>bis zu 70 % Kostenreduktion bei der Warmwassererzeugung<\/li>\n<li>bis zu 30 % Einsparung bei den Gesamtheizkosten<\/li>\n<li>mehr Energieertrag durch Solarspeicher mit vergr\u00f6\u00dferten W\u00e4rmetauschern<\/li>\n<li>geringe Investitionskosten und einfachste Installation<\/li>\n<li>weitgehend wartungsfrei<\/li>\n<\/ul>\n<p><\/blockquote>\n<div class=\"clear\" style=\"height:15px;\"><\/div>\n<h3><span style=\"color: #b44242; font-size: 15px;\"><strong><span class=\"mom_icona iconb_wrap \"style=\"\"><i class=\"momizat-icon-checkbox-checked mom_icon\" style=\"font-size:16px; color:;\"><\/i><\/span>\u00a0<span style=\"color: #333300;\">Anwendungsm\u00f6glichkeiten:<\/span><\/strong><\/span><\/h3>\n<blockquote class=\"mom_quote \" style=\"font-family:;border-left-color:#b44242; color:#000000; \"><\/p>\n<ul>\n<li>Brauchwassererw\u00e4rmung<\/li>\n<li>Heizungsunterst\u00fctzung<\/li>\n<li>Schwimmbadheizung<\/li>\n<\/ul>\n<p><\/blockquote>\n<div class=\"mom_hr mom_hr_square mom_hr_ mom_hr_medium\" style=\"margin-top:25px;margin-bottom:15px;\"><span class=\"mom_inner_hr\"><i><\/i><\/span><\/div>\n<blockquote><p><span style=\"color: #333300;\">Die Marken-Solarsysteme, die wir Ihnen anbieten, zeichnen sich durch hohem Kollektorertrag, komfortabler Anlagentechnik und attraktiver Optik aus.<\/span><\/p><\/blockquote>\n<blockquote><p><span style=\"color: #333300;\">Sie k\u00f6nnen selbst w\u00e4hlen, an welchem Platz die Kollektoren die Sonnenstrahlen einfangen sollen: auf dem Satteldach oder auf dem Flachdach. Oder auch freistehend neben dem Geb\u00e4ude.\u00a0F\u00fcr jeden Standort gibt es die passenden Halterungen.<\/span><\/p><\/blockquote>\n<blockquote><p><span style=\"color: #333300;\">Die Solaranlage ist mit Sicherheit eine erstklassige und \u00f6kologisch sinnvolle Technik, die Sie nutzen sollten. Solaranlagen sind inzwischen g\u00fcnstiger als Sie glauben.<\/span><\/p><\/blockquote>\n<div class=\"mom_hr mom_hr_square mom_hr_ mom_hr_medium\" style=\"margin-top:25px;margin-bottom:15px;\"><span class=\"mom_inner_hr\"><i><\/i><\/span><\/div>\n<h3><span style=\"color: #b44242; font-size: 15px;\"><strong><span class=\"mom_icona iconb_wrap \"style=\"\"><i class=\"momizat-icon-checkbox-checked mom_icon\" style=\"font-size:16px; color:;\"><\/i><\/span> Achten Sie auch auf LUFTKOLLEKTOREN<span style=\"color: #333300;\">:<\/span><\/strong><\/span><\/h3>\n<blockquote class=\"mom_quote \" style=\"font-family:;border-left-color:#023f5e; color:#000000; \"><\/p>\n<p><strong>Ein Ferienhaus auf Mallorca? Doch wer l\u00fcftet w\u00e4hrend Abwesenheit wirklich regelm\u00e4ssig?\u00a0Kein Problem mit Solarluftkollektoren. Wie das geht? <\/strong><\/p>\n<div class=\"clear\" style=\"height:10px;\"><\/div>\n<p><strong>Vereinbaren Sie einen Beratungstermin mit uns.<\/strong><\/p>\n<p><\/blockquote>\n<div class=\"clear\" style=\"height:20px;\"><\/div>\n<blockquote class=\"mom_quote \" style=\"font-family:;border-left-color:#b44242; color:#000000; \"><span class=\"quote-arrow\" style=\"border-left-color:#b44242;\"><\/span><\/p>\n<p>INFORMIEREN SIE SICH! Rufen Sie uns an! Wir beraten Sie gerne!<\/p>\n<p><\/blockquote>\n<div class=\"clear\" style=\"height:20px;\"><\/div>\n","protected":false},"excerpt":{"rendered":"<p>olaranlagen\u00a0\u2013 Die Kraft der Sonnenergie.\u00a0F\u00fcr alle, die mit wenig Aufwand mehr erreichen wollen \/ Bis zu 70 Prozent Kostensenkung. Ein unersch\u00f6pfliches Energiereservoir. Solarw\u00e4rme ist vor allem die zukunftsweisende Technik zur Erw\u00e4rmung von Brauchwasser. Der Grossteil der ben\u00f6tigten Energie kommt direkt von der Sonne. Solaranlagen sind eine sinnvolle und g\u00fcnstige Erg\u00e4nzung der Heizung. In Kombination mit [&hellip;]<\/p>\n","protected":false},"author":2,"featured_media":0,"parent":0,"menu_order":5,"comment_status":"closed","ping_status":"closed","template":"","meta":{"footnotes":""},"class_list":["post-22","page","type-page","status-publish"],"_links":{"self":[{"href":"https:\/\/heizungen-klima-sanitaer.de\/page\/wp-json\/wp\/v2\/pages\/22","targetHints":{"allow":["GET"]}}],"collection":[{"href":"https:\/\/heizungen-klima-sanitaer.de\/page\/wp-json\/wp\/v2\/pages"}],"about":[{"href":"https:\/\/heizungen-klima-sanitaer.de\/page\/wp-json\/wp\/v2\/types\/page"}],"author":[{"embeddable":true,"href":"https:\/\/heizungen-klima-sanitaer.de\/page\/wp-json\/wp\/v2\/users\/2"}],"replies":[{"embeddable":true,"href":"https:\/\/heizungen-klima-sanitaer.de\/page\/wp-json\/wp\/v2\/comments?post=22"}],"version-history":[{"count":0,"href":"https:\/\/heizungen-klima-sanitaer.de\/page\/wp-json\/wp\/v2\/pages\/22\/revisions"}],"wp:attachment":[{"href":"https:\/\/heizungen-klima-sanitaer.de\/page\/wp-json\/wp\/v2\/media?parent=22"}],"curies":[{"name":"wp","href":"https:\/\/api.w.org\/{rel}","templated":true}]}}