{"id":20,"date":"2015-04-22T10:26:00","date_gmt":"2015-04-22T10:26:00","guid":{"rendered":"http:\/\/www.heizungen-klima-sanitaer.com\/?page_id=20"},"modified":"2016-06-19T14:46:10","modified_gmt":"2016-06-19T14:46:10","slug":"sanitaer","status":"publish","type":"page","link":"https:\/\/heizungen-klima-sanitaer.de\/page\/sanitaer\/","title":{"rendered":"Sanit\u00e4r Mallorca &#8211; Der Tag beginnt mit Badekultur"},"content":{"rendered":"<div id='gallery-1' class='gallery galleryid-20 gallery-columns-3 gallery-size-medium'><dl class='gallery-item'>\n\t\t\t<dt class='gallery-icon landscape'>\n\t\t\t\t<a href='https:\/\/heizungen-klima-sanitaer.de\/page\/wp-content\/uploads\/sanitaer\/sanitaer-mallorca.jpg'><img loading=\"lazy\" decoding=\"async\" width=\"300\" height=\"225\" src=\"https:\/\/heizungen-klima-sanitaer.de\/page\/wp-content\/uploads\/sanitaer\/sanitaer-mallorca-300x225.jpg\" class=\"attachment-medium size-medium\" alt=\"1-Sanit\u00e4r Mallorca-Deutscher Handwerksmeister-Roland Seitz\" srcset=\"https:\/\/heizungen-klima-sanitaer.de\/page\/wp-content\/uploads\/sanitaer\/sanitaer-mallorca-300x225.jpg 300w, https:\/\/heizungen-klima-sanitaer.de\/page\/wp-content\/uploads\/sanitaer\/sanitaer-mallorca-45x35.jpg 45w, https:\/\/heizungen-klima-sanitaer.de\/page\/wp-content\/uploads\/sanitaer\/sanitaer-mallorca.jpg 802w\" sizes=\"auto, (max-width: 300px) 100vw, 300px\" \/><\/a>\n\t\t\t<\/dt><\/dl><dl class='gallery-item'>\n\t\t\t<dt class='gallery-icon landscape'>\n\t\t\t\t<a href='https:\/\/heizungen-klima-sanitaer.de\/page\/wp-content\/uploads\/sanitaer\/waschbecken.jpg'><img loading=\"lazy\" decoding=\"async\" width=\"300\" height=\"226\" src=\"https:\/\/heizungen-klima-sanitaer.de\/page\/wp-content\/uploads\/sanitaer\/waschbecken-300x226.jpg\" class=\"attachment-medium size-medium\" alt=\"2-Sanit\u00e4r Mallorca-Waschbecken-Deutscher Handwerksmeister\" srcset=\"https:\/\/heizungen-klima-sanitaer.de\/page\/wp-content\/uploads\/sanitaer\/waschbecken-300x226.jpg 300w, https:\/\/heizungen-klima-sanitaer.de\/page\/wp-content\/uploads\/sanitaer\/waschbecken-45x35.jpg 45w, https:\/\/heizungen-klima-sanitaer.de\/page\/wp-content\/uploads\/sanitaer\/waschbecken.jpg 800w\" sizes=\"auto, (max-width: 300px) 100vw, 300px\" \/><\/a>\n\t\t\t<\/dt><\/dl><dl class='gallery-item'>\n\t\t\t<dt class='gallery-icon landscape'>\n\t\t\t\t<a href='https:\/\/heizungen-klima-sanitaer.de\/page\/wp-content\/uploads\/sanitaer\/badezimmer.jpg'><img loading=\"lazy\" decoding=\"async\" width=\"300\" height=\"225\" src=\"https:\/\/heizungen-klima-sanitaer.de\/page\/wp-content\/uploads\/sanitaer\/badezimmer-300x225.jpg\" class=\"attachment-medium size-medium\" alt=\"3-Sanit\u00e4r Mallorca-Badezimmer-Deutscher Handwerksmeister\" srcset=\"https:\/\/heizungen-klima-sanitaer.de\/page\/wp-content\/uploads\/sanitaer\/badezimmer-300x225.jpg 300w, https:\/\/heizungen-klima-sanitaer.de\/page\/wp-content\/uploads\/sanitaer\/badezimmer-45x35.jpg 45w, https:\/\/heizungen-klima-sanitaer.de\/page\/wp-content\/uploads\/sanitaer\/badezimmer.jpg 802w\" sizes=\"auto, (max-width: 300px) 100vw, 300px\" \/><\/a>\n\t\t\t<\/dt><\/dl><br style=\"clear: both\" \/><dl class='gallery-item'>\n\t\t\t<dt class='gallery-icon landscape'>\n\t\t\t\t<a href='https:\/\/heizungen-klima-sanitaer.de\/page\/wp-content\/uploads\/sanitaer\/sanitaer1.jpg'><img loading=\"lazy\" decoding=\"async\" width=\"300\" height=\"225\" src=\"https:\/\/heizungen-klima-sanitaer.de\/page\/wp-content\/uploads\/sanitaer\/sanitaer1-300x225.jpg\" class=\"attachment-medium size-medium\" alt=\"4-Sanit\u00e4r Mallorca-Deutscher Handwerksmeister-Roland Seitz\" srcset=\"https:\/\/heizungen-klima-sanitaer.de\/page\/wp-content\/uploads\/sanitaer\/sanitaer1-300x225.jpg 300w, https:\/\/heizungen-klima-sanitaer.de\/page\/wp-content\/uploads\/sanitaer\/sanitaer1-45x35.jpg 45w, https:\/\/heizungen-klima-sanitaer.de\/page\/wp-content\/uploads\/sanitaer\/sanitaer1.jpg 801w\" sizes=\"auto, (max-width: 300px) 100vw, 300px\" \/><\/a>\n\t\t\t<\/dt><\/dl><dl class='gallery-item'>\n\t\t\t<dt class='gallery-icon landscape'>\n\t\t\t\t<a href='https:\/\/heizungen-klima-sanitaer.de\/page\/wp-content\/uploads\/sanitaer\/sanitaer2.jpg'><img loading=\"lazy\" decoding=\"async\" width=\"300\" height=\"225\" src=\"https:\/\/heizungen-klima-sanitaer.de\/page\/wp-content\/uploads\/sanitaer\/sanitaer2-300x225.jpg\" class=\"attachment-medium size-medium\" alt=\"5-Sanit\u00e4r Mallorca-Deutscher Handwerksmeister-Roland Seitz\" srcset=\"https:\/\/heizungen-klima-sanitaer.de\/page\/wp-content\/uploads\/sanitaer\/sanitaer2-300x225.jpg 300w, https:\/\/heizungen-klima-sanitaer.de\/page\/wp-content\/uploads\/sanitaer\/sanitaer2-45x35.jpg 45w, https:\/\/heizungen-klima-sanitaer.de\/page\/wp-content\/uploads\/sanitaer\/sanitaer2.jpg 801w\" sizes=\"auto, (max-width: 300px) 100vw, 300px\" \/><\/a>\n\t\t\t<\/dt><\/dl><dl class='gallery-item'>\n\t\t\t<dt class='gallery-icon landscape'>\n\t\t\t\t<a href='https:\/\/heizungen-klima-sanitaer.de\/page\/wp-content\/uploads\/sanitaer\/sanitaer3.jpg'><img loading=\"lazy\" decoding=\"async\" width=\"300\" height=\"225\" src=\"https:\/\/heizungen-klima-sanitaer.de\/page\/wp-content\/uploads\/sanitaer\/sanitaer3-300x225.jpg\" class=\"attachment-medium size-medium\" alt=\"6-Sanit\u00e4r Mallorca-Deutscher Handwerksmeister-Roland Seitz\" srcset=\"https:\/\/heizungen-klima-sanitaer.de\/page\/wp-content\/uploads\/sanitaer\/sanitaer3-300x225.jpg 300w, https:\/\/heizungen-klima-sanitaer.de\/page\/wp-content\/uploads\/sanitaer\/sanitaer3-45x35.jpg 45w, https:\/\/heizungen-klima-sanitaer.de\/page\/wp-content\/uploads\/sanitaer\/sanitaer3.jpg 800w\" sizes=\"auto, (max-width: 300px) 100vw, 300px\" \/><\/a>\n\t\t\t<\/dt><\/dl><br style=\"clear: both\" \/>\n\t\t<\/div>\n\n<div class=\"mom_hr mom_hr_square mom_hr_ mom_hr_medium\" style=\"margin-top:5px;margin-bottom:15px;\"><span class=\"mom_inner_hr\"><i><\/i><\/span><\/div>\n<h4><span class=\"dropcap _dc\" style=\"color:#b44242;\">S<\/span><em><span style=\"color: #b44242;\">anit\u00e4r<\/span>\u00a0\u2013 <\/em><span style=\"font-size: 14px;\">B\u00e4der bringen Behaglichkeit\u00a0und Entspannung. Das Badezimmer ist in der heutigen Zeit nicht mehr nur ein Nebenraum, sondern wird immer mehr zum Wohnraum. <\/span><\/h4>\n<div class=\"clear\" style=\"height:15px;\"><\/div>\n<blockquote class=\"mom_quote \" style=\"font-family:;\"><\/p>\n<p>Das Bad besteht nicht mehr nur aus Wanne und Dusche, hier werden vermehrt Wihrl-pools, Dampfb\u00e4der und Saunen eingebaut.<\/p>\n<div class=\"clear\" style=\"height:10px;\"><\/div>\n<p>Es dient in unserer hektischen Zeit vor allen Dingen zur Entspannung.<\/p>\n<div class=\"clear\" style=\"height:10px;\"><\/div>\n<p>Es soll, wie unser Wohnzimmer, sch\u00f6n und zeitlos sein. Nur so k\u00f6nnen wir uns wohlf\u00fchlen.<\/p>\n<div class=\"clear\" style=\"height:10px;\"><\/div>\n<p>Ansprechendes Design und Komfort hat nichts mit Gr\u00f6\u00dfe zu tun. Die vielen M\u00f6glichkeiten der Badgestaltung erfahren Sie am besten in einer\u00a0Badausstellung.<\/p>\n<p><\/blockquote>\n<div class=\"clear\" style=\"height:15px;\"><\/div>\n<h3><span style=\"font-size: 15px; color: #993300;\"><span style=\"color: #333300;\"><span class=\"mom_icona iconb_wrap \"style=\"\"><i class=\"momizat-icon-checkbox-checked mom_icon\" style=\"font-size:16px; color:;\"><\/i><\/span> Wir bieten folgende<\/span>\u00a0<span style=\"color: #b44242;\"><strong>Leistungen<\/strong>\u00a0<\/span><span style=\"color: #333300;\">von:<\/span><\/span><\/h3>\n<div class=\"clear\" style=\"height:2px;\"><\/div>\n<blockquote class=\"mom_quote \" style=\"font-family:;color:#000000; \"><\/p>\n<ul>\n<li>Wasserinstallation<a href=\"https:\/\/heizungen-klima-sanitaer.de\/page\/wp-content\/uploads\/sanitaer\/sanitaer-service.jpg\"><img loading=\"lazy\" decoding=\"async\" class=\"alignright wp-image-426\" title=\"Sanit\u00e4r Mallorca - Sanit\u00e4r Leistungen\" src=\"https:\/\/heizungen-klima-sanitaer.de\/page\/wp-content\/uploads\/sanitaer\/sanitaer-service-150x150.jpg\" alt=\"Sanit\u00e4r Mallorca - Sanit\u00e4r Leistungen\" width=\"166\" height=\"200\" srcset=\"https:\/\/heizungen-klima-sanitaer.de\/page\/wp-content\/uploads\/sanitaer\/sanitaer-service-249x300.jpg 249w, https:\/\/heizungen-klima-sanitaer.de\/page\/wp-content\/uploads\/sanitaer\/sanitaer-service.jpg 497w\" sizes=\"auto, (max-width: 166px) 100vw, 166px\" \/><\/a><\/li>\n<li>Wasseraufbereitung<\/li>\n<li>Warmwasserversorgung<\/li>\n<li>Abwasserinstallation<\/li>\n<li>Bad \/ WC\u00b4s<\/li>\n<\/ul>\n<div class=\"clear\" style=\"height:1px;\"><\/div>\n<p><\/blockquote>\n<div class=\"mom_hr mom_hr_square mom_hr_ mom_hr_medium\" style=\"margin-top:25px;margin-bottom:15px;\"><span class=\"mom_inner_hr\"><i><\/i><\/span><\/div>\n<div class=\"clear\" style=\"height:20px;\"><\/div>\n<blockquote class=\"mom_quote \" style=\"font-family:;border-left-color:#b44242; color:#000000; \"><span class=\"quote-arrow\" style=\"border-left-color:#b44242;\"><\/span><\/p>\n<p><span style=\"color: #333300;\"><img loading=\"lazy\" decoding=\"async\" class=\"alignright wp-image-692\" title=\"Duran logo. Sanit\u00e4r Mallorca\" src=\"https:\/\/heizungen-klima-sanitaer.de\/page\/wp-content\/uploads\/partners\/duran.gif\" alt=\"Duran logo. Sanit\u00e4r Mallorca\" width=\"190\" height=\"39\" \/>Wir haben f\u00fcr jeden Geschmack etwas zu bieten. Egal ob klassisch oder modern.\u00a0<\/span><span style=\"color: #333300;\">Wir sorgen daf\u00fcr, dass Ihr Badezimmer zu einer Wohl-f\u00fchl-Oase wird. Wir\u00a0arbeiten mit f\u00fchrenden Sanit\u00e4rgro\u00dfh\u00e4ndlern zusammen.<\/span><\/p>\n<p><\/blockquote>\n<div class=\"mom_hr mom_hr_square mom_hr_ mom_hr_medium\" style=\"margin-top:25px;margin-bottom:15px;\"><span class=\"mom_inner_hr\"><i><\/i><\/span><\/div>\n<div class=\"clear\" style=\"height:20px;\"><\/div>\n<blockquote class=\"mom_quote \" style=\"font-family:;border-left-color:#b44242; color:#000000; \"><span class=\"quote-arrow\" style=\"border-left-color:#b44242;\"><\/span><\/p>\n<p>Sollten Sie Interesse haben werden wir Sie gerne beraten!<\/p>\n<p><\/blockquote>\n<div class=\"clear\" style=\"height:20px;\"><\/div>\n","protected":false},"excerpt":{"rendered":"<p>anit\u00e4r\u00a0\u2013 B\u00e4der bringen Behaglichkeit\u00a0und Entspannung. Das Badezimmer ist in der heutigen Zeit nicht mehr nur ein Nebenraum, sondern wird immer mehr zum Wohnraum. Wir bieten folgende\u00a0Leistungen\u00a0von:<\/p>\n","protected":false},"author":2,"featured_media":0,"parent":0,"menu_order":4,"comment_status":"closed","ping_status":"closed","template":"","meta":{"footnotes":""},"class_list":["post-20","page","type-page","status-publish"],"_links":{"self":[{"href":"https:\/\/heizungen-klima-sanitaer.de\/page\/wp-json\/wp\/v2\/pages\/20","targetHints":{"allow":["GET"]}}],"collection":[{"href":"https:\/\/heizungen-klima-sanitaer.de\/page\/wp-json\/wp\/v2\/pages"}],"about":[{"href":"https:\/\/heizungen-klima-sanitaer.de\/page\/wp-json\/wp\/v2\/types\/page"}],"author":[{"embeddable":true,"href":"https:\/\/heizungen-klima-sanitaer.de\/page\/wp-json\/wp\/v2\/users\/2"}],"replies":[{"embeddable":true,"href":"https:\/\/heizungen-klima-sanitaer.de\/page\/wp-json\/wp\/v2\/comments?post=20"}],"version-history":[{"count":0,"href":"https:\/\/heizungen-klima-sanitaer.de\/page\/wp-json\/wp\/v2\/pages\/20\/revisions"}],"wp:attachment":[{"href":"https:\/\/heizungen-klima-sanitaer.de\/page\/wp-json\/wp\/v2\/media?parent=20"}],"curies":[{"name":"wp","href":"https:\/\/api.w.org\/{rel}","templated":true}]}}