{"id":16,"date":"2015-04-22T10:24:41","date_gmt":"2015-04-22T10:24:41","guid":{"rendered":"http:\/\/www.heizungen-klima-sanitaer.com\/?page_id=16"},"modified":"2016-06-19T13:20:41","modified_gmt":"2016-06-19T13:20:41","slug":"heizung","status":"publish","type":"page","link":"https:\/\/heizungen-klima-sanitaer.de\/page\/heizung\/","title":{"rendered":"Heizung &#8211; Heizungssysteme und Heiztechnik"},"content":{"rendered":"<p><a href=\"https:\/\/heizungen-klima-sanitaer.de\/page\/wp-content\/uploads\/heizung\/heizung.jpg\"><img loading=\"lazy\" decoding=\"async\" class=\"aligncenter wp-image-667\" title=\"Heizung Mallorca - Heizungssysteme und Heiztechnik\" src=\"https:\/\/heizungen-klima-sanitaer.de\/page\/wp-content\/uploads\/heizung\/heizung.jpg\" alt=\"Heizung Mallorca - Heizungssysteme und Heiztechnik\" width=\"600\" height=\"189\" srcset=\"https:\/\/heizungen-klima-sanitaer.de\/page\/wp-content\/uploads\/heizung\/heizung.jpg 871w, https:\/\/heizungen-klima-sanitaer.de\/page\/wp-content\/uploads\/heizung\/heizung-300x95.jpg 300w\" sizes=\"auto, (max-width: 600px) 100vw, 600px\" \/><\/a><\/p>\n<div class=\"mom_hr mom_hr_square mom_hr_ mom_hr_medium\" style=\"margin-top:5px;margin-bottom:15px;\"><span class=\"mom_inner_hr\"><i><\/i><\/span><\/div>\n<h4><span class=\"dropcap _dc\" style=\"color:#b44242;\">H<\/span><em><span style=\"color: #b44242;\">eizung und Heizungssysteme<\/span>\u00a0\u2013 <\/em><span style=\"font-size: 14px;\">mit Spitzentechnik umweltschonend und wirtschaftlich heizen.<\/span><\/h4>\n<div class=\"clear\" style=\"height:10px;\"><\/div>\n<blockquote><p><span style=\"color: #333300;\">Durch moderne Heiztechnik l\u00e4sst sich der Verbrauch und somit auch die Kosten wesentlich verringern.\u00a0Hier kann vor allen Dingen bei Neubauten gleich von Anfang an richtig geplant werden. Doch auch eine Modernisierung von alten Anlagen hilft Kosten und Energiezu sparen. Dies ist mittlerweile notwendig, da st\u00e4ndig steigende Heizkosten besonders f\u00fcr Rohstoffe wie \u00d6I- und Gas ein Umdenken erfordert.<\/span><\/p><\/blockquote>\n<div class=\"clear\" style=\"height:5px;\"><\/div>\n<blockquote><p><span style=\"color: #333300;\">Die Auswahl der Heiztechnik, die daf\u00fcr sorgt, dass die W\u00e4rme in die R\u00e4ume gelangt, reicht vom traditionellen Heizk\u00f6rper, \u00fcber die Fl\u00e4chenheizung (Fu\u00dfboden- oder Wandheizung), bis zur Warmluftheizung.<\/span><\/p><\/blockquote>\n<div class=\"clear\" style=\"height:5px;\"><\/div>\n<blockquote><p><span style=\"color: #333300;\">Ob Sie mit \u00d6l, Gas, Solar oder W\u00e4rmepumpen heizen wollen, entscheiden Sie. Wir unterst\u00fctzen Sie in allen Bereichen.<\/span><\/p><\/blockquote>\n<h3><span style=\"font-size: 15px; color: #993300;\"><span style=\"color: #333300;\"><span class=\"mom_icona iconb_wrap \"style=\"\"><i class=\"momizat-icon-checkbox-checked mom_icon\" style=\"font-size:16px; color:;\"><\/i><\/span> Hierf\u00fcr bieten wir<\/span> <span style=\"color: #b44242;\"><strong>verschiedene Heizungssysteme und Leistungen<\/strong>\u00a0<\/span><span style=\"color: #333300;\">an:<\/span><\/span><\/h3>\n<blockquote class=\"mom_quote \" style=\"font-family:;font-size:15px;border-left-color:#b44242; \"><\/p>\n<p><strong>W\u00e4rmepumpen <\/strong>&#8211; Im Gegensatz zu Solaranlagen die Sonnenenergie direkt auffangen, bedienen sich W\u00e4rmepumpen der Sonnenenergie die im Erdreich, Wasser und Luft gespeichert ist. W\u00e4rmepumpentechnik ist seit vielen Jahren ausgereift. Sie ist eine einfache, technisch robuste und vor allen Dingen kosteng\u00fcnstige Heizung und kann Geb\u00e4ude hundertprozentig mit W\u00e4rme versorgen.<\/p>\n<p><\/blockquote>\n<div class=\"clear\" style=\"height:15px;\"><\/div>\n<blockquote class=\"mom_quote \" style=\"font-family:;font-size:15px;border-left-color:#023f5e; \"><\/p>\n<p><strong>Brennwerttechnik f\u00fcr Gas und \u00d6l <\/strong>&#8211; als\u00a0modulierendes Brennwertgerat stehend oder wandh\u00e4ngend.<\/p>\n<p><\/blockquote>\n<div class=\"clear\" style=\"height:15px;\"><\/div>\n<blockquote class=\"mom_quote \" style=\"font-family:;font-size:15px;border-left-color:#b44242; \"><\/p>\n<p><strong>Moderne Heiztechnik f\u00fcr Gas und \u00d6l <\/strong>&#8211; als stehende oder wandh\u00e4ngendes Ger\u00e4te zum Teil modulierend.<\/p>\n<p><\/blockquote>\n<div class=\"clear\" style=\"height:20px;\"><\/div>\n<blockquote><p><span style=\"color: #333300;\">W\u00e4rmepumpen k\u00f6nnen\u00a0aber auch in der Umkehrung zur K\u00fchlung verwendet werden. Dass heisst Sie k\u00f6nnen im Sommer Ihre Raumtemperatur angenehm klimatisieren. Hier wird Ihnen ein gro\u00dfes Spektrum in der Gestaltung Ihres Bauvorhabens gew\u00e4hrt. Aber nicht nur im Neubau, sondern auch bei Sanierungen und Modernisierungen kommen W\u00e4rmepumpen zum Einsatz.<\/span><\/p><\/blockquote>\n<div class=\"clear\" style=\"height:5px;\"><\/div>\n<blockquote><p><span style=\"color: #333300;\">W\u00e4rmepumpen verringern den Schadstoffaussto\u00df von Kohlendioxid, Schwefeldioxid, Stickstoff und Staub, was ganz im Sinne eines umfassenden Umweltschutzes ist.<\/span><\/p><\/blockquote>\n<div class=\"clear\" style=\"height:5px;\"><\/div>\n<blockquote><p><span style=\"color: #333300;\">Langfristig gesehen lassen sich W\u00e4rmepumpen preiswerter betreiben als herk\u00f6mmliche \u00d6I-und Gasheizungen. Verglichen mit konventionellen Heizungen sind W\u00e4rmepumpen in der Anschaffung teurer, doch die Energie- und Betriebskosten sind deutlich niedriger, das macht sie wirtschaftlich attraktiv.<\/span><\/p><\/blockquote>\n<div class=\"clear\" style=\"height:10px;\"><\/div>\n<blockquote class=\"mom_quote \" style=\"font-family:;font-size:15px;border-left-color:#023f5e; \"><\/p>\n<p><strong>Fu\u00dfbodenheizung <\/strong>&#8211; Sie schaffen ein angenehmes Raumklima und man verschenkt keinen Platz durch herk\u00f6mmliche Heizk\u00f6rper. DieTechnik bleibt im Verborgenen, insofern wird auch die Esthetik ber\u00fccksictigt. Sie ist energiesparend, da sie mit niedriger Vorlauf-Temperatur arbeitet.<\/p>\n<p><\/blockquote>\n<div class=\"clear\" style=\"height:15px;\"><\/div>\n<blockquote class=\"mom_quote \" style=\"font-family:;font-size:15px;border-left-color:#b44242; \"><\/p>\n<p><strong>Wandheizung <\/strong>&#8211;\u00a0Sie \u00e4hnelt technisch im Prinzip der Fu\u00dfbodenheizung, und gewinnt zunehmend an Bedeutung. Sie arbeitet mit etwas h\u00f6heren Vorlauftemperaturen und braucht daher weniger Fl\u00e4che. F\u00fcr einen Raum mit 20 Quadratmetern ben\u00f6tigt man etwa f\u00fcnf bis zehn Quadratmeter Wandfl\u00e4che. Allerdings darf die Wandheizung nicht durch M\u00f6bel verstellt werden.<\/p>\n<p><\/blockquote>\n<div class=\"clear\" style=\"height:15px;\"><\/div>\n<blockquote class=\"mom_quote \" style=\"font-family:;font-size:15px;border-left-color:#023f5e; \"><\/p>\n<p><strong>Austausch von Ger\u00e4ten im Rahmen von Modernisierungen<\/strong><\/p>\n<p><\/blockquote>\n<div class=\"clear\" style=\"height:15px;\"><\/div>\n<blockquote class=\"mom_quote \" style=\"font-family:;font-size:15px;border-left-color:#b44242; \"><\/p>\n<p><strong>Umbau von bestehenden Anlagen zum zeitgem\u00e4\u00dfen Heizen<\/strong><\/p>\n<p><\/blockquote>\n<div class=\"clear\" style=\"height:15px;\"><\/div>\n<h3><span style=\"font-size: 15px; color: #993300;\"><span style=\"color: #333300;\"><span class=\"mom_icona iconb_wrap \"style=\"\"><i class=\"momizat-icon-checkbox-checked mom_icon\" style=\"font-size:16px; color:;\"><\/i><\/span> Hierf\u00fcr<\/span>\u00a0<span style=\"color: #b44242;\"><strong>arbeiten wir zusammen<\/strong>\u00a0<\/span><span style=\"color: #333300;\">mit:<\/span><\/span><\/h3>\n<div id='gallery-1' class='gallery galleryid-16 gallery-columns-3 gallery-size-large'><dl class='gallery-item'>\n\t\t\t<dt class='gallery-icon landscape'>\n\t\t\t\t<img loading=\"lazy\" decoding=\"async\" width=\"236\" height=\"87\" src=\"https:\/\/heizungen-klima-sanitaer.de\/page\/wp-content\/uploads\/partners\/buderus-logo.gif\" class=\"attachment-large size-large\" alt=\"Buderus logo. Heizungen auf Mallorca\" \/>\n\t\t\t<\/dt><\/dl><dl class='gallery-item'>\n\t\t\t<dt class='gallery-icon landscape'>\n\t\t\t\t<img loading=\"lazy\" decoding=\"async\" width=\"203\" height=\"66\" src=\"https:\/\/heizungen-klima-sanitaer.de\/page\/wp-content\/uploads\/partners\/viessmann-logo.gif\" class=\"attachment-large size-large\" alt=\"Viessmann logo. Heizungen auf Mallorca\" \/>\n\t\t\t<\/dt><\/dl><dl class='gallery-item'>\n\t\t\t<dt class='gallery-icon landscape'>\n\t\t\t\t<img loading=\"lazy\" decoding=\"async\" width=\"196\" height=\"75\" src=\"https:\/\/heizungen-klima-sanitaer.de\/page\/wp-content\/uploads\/partners\/wolf-logo.png\" class=\"attachment-large size-large\" alt=\"Wolf logo. Heizungen auf Mallorca\" \/>\n\t\t\t<\/dt><\/dl><br style=\"clear: both\" \/>\n\t\t<\/div>\n\n<div class=\"mom_hr mom_hr_square mom_hr_ mom_hr_medium\" style=\"margin-top:10px;margin-bottom:15px;\"><span class=\"mom_inner_hr\"><i><\/i><\/span><\/div>\n<blockquote class=\"mom_quote \" style=\"font-family:;border-left-color:#b44242; color:#000000; \"><span class=\"quote-arrow\" style=\"border-left-color:#b44242;\"><\/span><\/p>\n<p>Auf Nachfrage bieten wir selbstverst\u00e4ndlich auch andere Systeme an, und w\u00e4gen Vor- und Nachteile ab. Die Entscheidung liegt immer bei Ihnen.<\/p>\n<p><\/blockquote>\n<div class=\"clear\" style=\"height:20px;\"><\/div>\n","protected":false},"excerpt":{"rendered":"<p>eizung und Heizungssysteme\u00a0\u2013 mit Spitzentechnik umweltschonend und wirtschaftlich heizen. Durch moderne Heiztechnik l\u00e4sst sich der Verbrauch und somit auch die Kosten wesentlich verringern.\u00a0Hier kann vor allen Dingen bei Neubauten gleich von Anfang an richtig geplant werden. Doch auch eine Modernisierung von alten Anlagen hilft Kosten und Energiezu sparen. Dies ist mittlerweile notwendig, da st\u00e4ndig steigende [&hellip;]<\/p>\n","protected":false},"author":2,"featured_media":0,"parent":0,"menu_order":2,"comment_status":"closed","ping_status":"closed","template":"","meta":{"footnotes":""},"class_list":["post-16","page","type-page","status-publish"],"_links":{"self":[{"href":"https:\/\/heizungen-klima-sanitaer.de\/page\/wp-json\/wp\/v2\/pages\/16","targetHints":{"allow":["GET"]}}],"collection":[{"href":"https:\/\/heizungen-klima-sanitaer.de\/page\/wp-json\/wp\/v2\/pages"}],"about":[{"href":"https:\/\/heizungen-klima-sanitaer.de\/page\/wp-json\/wp\/v2\/types\/page"}],"author":[{"embeddable":true,"href":"https:\/\/heizungen-klima-sanitaer.de\/page\/wp-json\/wp\/v2\/users\/2"}],"replies":[{"embeddable":true,"href":"https:\/\/heizungen-klima-sanitaer.de\/page\/wp-json\/wp\/v2\/comments?post=16"}],"version-history":[{"count":0,"href":"https:\/\/heizungen-klima-sanitaer.de\/page\/wp-json\/wp\/v2\/pages\/16\/revisions"}],"wp:attachment":[{"href":"https:\/\/heizungen-klima-sanitaer.de\/page\/wp-json\/wp\/v2\/media?parent=16"}],"curies":[{"name":"wp","href":"https:\/\/api.w.org\/{rel}","templated":true}]}}