{"id":12,"date":"2015-04-21T21:35:00","date_gmt":"2015-04-21T21:35:00","guid":{"rendered":"http:\/\/www.heizungen-klima-sanitaer.com\/?page_id=12"},"modified":"2021-09-18T20:31:03","modified_gmt":"2021-09-18T20:31:03","slug":"heizung-klima-sanitar-und-solar-auf-mallorca","status":"publish","type":"page","link":"https:\/\/heizungen-klima-sanitaer.de\/page\/","title":{"rendered":"Heizung-Klima-Sanit\u00e4r und Solar auf Mallorca"},"content":{"rendered":"<h3><span style=\"font-size: 15px; color: #993300;\"><span style=\"color: #333300;\"><span class=\"mom_icona iconb_wrap \"style=\"\"><i class=\"momizat-icon-checkbox-checked mom_icon\" style=\"font-size:16px; color:;\"><\/i><\/span> Wir bieten Ihnen\u00a0<\/span><span style=\"color: #333300;\">an:<\/span><\/span><\/h3>\n<blockquote class=\"mom_quote \" style=\"font-family:;\"><\/p>\n<p><strong><a href=\"https:\/\/heizungen-klima-sanitaer.de\/page\/wp-content\/uploads\/startseite\/heizungssysteme.jpg\"><img loading=\"lazy\" decoding=\"async\" class=\" wp-image-569 alignleft\" src=\"https:\/\/heizungen-klima-sanitaer.de\/page\/wp-content\/uploads\/startseite\/heizungssysteme.jpg\" alt=\"heizungssysteme\" width=\"170\" height=\"113\" srcset=\"https:\/\/heizungen-klima-sanitaer.de\/page\/wp-content\/uploads\/startseite\/heizungssysteme.jpg 690w, https:\/\/heizungen-klima-sanitaer.de\/page\/wp-content\/uploads\/startseite\/heizungssysteme-300x200.jpg 300w, https:\/\/heizungen-klima-sanitaer.de\/page\/wp-content\/uploads\/startseite\/heizungssysteme-90x60.jpg 90w, https:\/\/heizungen-klima-sanitaer.de\/page\/wp-content\/uploads\/startseite\/heizungssysteme-180x120.jpg 180w, https:\/\/heizungen-klima-sanitaer.de\/page\/wp-content\/uploads\/startseite\/heizungssysteme-95x64.jpg 95w\" sizes=\"auto, (max-width: 170px) 100vw, 170px\" \/><\/a>HEIZUNGSSYSTEME <\/strong>&#8211; Neubau, Modernisierung, Reparatur oder Wartung einer bestehenden Anlage? M\u00f6glichkeiten und Auswahl f\u00fcr Ihre idividuellen Anspr\u00fcche. Umweltvertr\u00e4glichkeit und Effizienz neuer Heizungssysteme. Den Energieverbrauch und somit die eigenen Kosten daf\u00fcr zu senken.\u00a0Es gibt viele Heizungssysteme. Sprechen Sie mit uns und erfahren Sie.<\/p>\n<div class=\"clear\" style=\"height:5px;\"><\/div>\n<p style=\"text-align: right;\"><span class=\"mom_button_wrap\" ><a class=\"button mom_button custom_bt \" href=\"heizung\"  style=\"background:#b5b5b5;font-family:;-webkit-border-radius: 3px; border-radius: 3px;\" data-bg=\"#b5b5b5\" data-hoverbg=\"#757575\" data-text=\"\" data-texthover=\"\">mehr dar\u00fcber\u2026<\/a><\/span><\/p>\n<p><\/blockquote>\n<div class=\"clear\" style=\"height:15px;\"><\/div>\n<blockquote class=\"mom_quote \" style=\"font-family:;\"><\/p>\n<p><strong><a href=\"https:\/\/heizungen-klima-sanitaer.de\/page\/wp-content\/uploads\/startseite\/klimaanlagen.jpg\"><img loading=\"lazy\" decoding=\"async\" class=\" wp-image-570 alignleft\" src=\"https:\/\/heizungen-klima-sanitaer.de\/page\/wp-content\/uploads\/startseite\/klimaanlagen.jpg\" alt=\"klimaanlagen\" width=\"170\" height=\"113\" srcset=\"https:\/\/heizungen-klima-sanitaer.de\/page\/wp-content\/uploads\/startseite\/klimaanlagen.jpg 690w, https:\/\/heizungen-klima-sanitaer.de\/page\/wp-content\/uploads\/startseite\/klimaanlagen-300x200.jpg 300w, https:\/\/heizungen-klima-sanitaer.de\/page\/wp-content\/uploads\/startseite\/klimaanlagen-90x60.jpg 90w, https:\/\/heizungen-klima-sanitaer.de\/page\/wp-content\/uploads\/startseite\/klimaanlagen-180x120.jpg 180w, https:\/\/heizungen-klima-sanitaer.de\/page\/wp-content\/uploads\/startseite\/klimaanlagen-95x64.jpg 95w\" sizes=\"auto, (max-width: 170px) 100vw, 170px\" \/><\/a>KLIMAANLAGEN <\/strong>&#8211; Optimales Wohnklima bedeutet f\u00fcr uns die Harmonie von Temperatur, Luftfeuchtigkeit und angenehmer kontrollierter L\u00fcftung.\u00a0Fragen Sie uns wie man dieses durch neue Technologie erreicht. Selbstverst\u00e4nlich bieten wir Ihnen auch Reparatur, Wartung an so wie regelm\u00e4ssige Pflege Ihrer bestehende Anlage.<\/p>\n<p style=\"text-align: right;\"><span class=\"mom_button_wrap\" ><a class=\"button mom_button custom_bt \" href=\"klimaanlagen\"  style=\"background:#b5b5b5;font-family:;-webkit-border-radius: 3px; border-radius: 3px;\" data-bg=\"#b5b5b5\" data-hoverbg=\"#757575\" data-text=\"\" data-texthover=\"\">mehr dar\u00fcber\u2026<\/a><\/span><\/p>\n<p><\/blockquote>\n<div class=\"clear\" style=\"height:15px;\"><\/div>\n<blockquote class=\"mom_quote \" style=\"font-family:;\"><\/p>\n<p><strong><a href=\"https:\/\/heizungen-klima-sanitaer.de\/page\/wp-content\/uploads\/startseite\/sanitaer.jpg\"><img loading=\"lazy\" decoding=\"async\" class=\"alignleft wp-image-586\" src=\"https:\/\/heizungen-klima-sanitaer.de\/page\/wp-content\/uploads\/startseite\/sanitaer.jpg\" alt=\"sanitaer\" width=\"170\" height=\"113\" srcset=\"https:\/\/heizungen-klima-sanitaer.de\/page\/wp-content\/uploads\/startseite\/sanitaer.jpg 690w, https:\/\/heizungen-klima-sanitaer.de\/page\/wp-content\/uploads\/startseite\/sanitaer-300x200.jpg 300w, https:\/\/heizungen-klima-sanitaer.de\/page\/wp-content\/uploads\/startseite\/sanitaer-90x60.jpg 90w, https:\/\/heizungen-klima-sanitaer.de\/page\/wp-content\/uploads\/startseite\/sanitaer-180x120.jpg 180w, https:\/\/heizungen-klima-sanitaer.de\/page\/wp-content\/uploads\/startseite\/sanitaer-95x64.jpg 95w\" sizes=\"auto, (max-width: 170px) 100vw, 170px\" \/><\/a>SANIT\u00c4R <\/strong>&#8211; Vom normalen modernen Bad bis hin zur Wellness-Oase. Das Bad ist f\u00fcr uns ein Wohnraum mehr geworden.Die Auswahl an Stil, Design, Technologie und Materialien der Sanit\u00e4ranlagen ist heutzutage enorm gross. Wir beraten Sie bei allen technischen und gestalterischen Fragen der Sanit\u00e4r- und Badplanung.<\/p>\n<p style=\"text-align: right;\"><span class=\"mom_button_wrap\" ><a class=\"button mom_button custom_bt \" href=\"sanitaer\"  style=\"background:#b5b5b5;font-family:;-webkit-border-radius: 3px; border-radius: 3px;\" data-bg=\"#b5b5b5\" data-hoverbg=\"#757575\" data-text=\"\" data-texthover=\"\">mehr dar\u00fcber\u2026<\/a><\/span><\/p>\n<p><\/blockquote>\n<div class=\"clear\" style=\"height:15px;\"><\/div>\n<blockquote class=\"mom_quote \" style=\"font-family:;\"><\/p>\n<p><strong><a href=\"https:\/\/heizungen-klima-sanitaer.de\/page\/wp-content\/uploads\/startseite\/solar.jpg\"><img loading=\"lazy\" decoding=\"async\" class=\"alignleft wp-image-588\" src=\"https:\/\/heizungen-klima-sanitaer.de\/page\/wp-content\/uploads\/startseite\/solar.jpg\" alt=\"solar\" width=\"170\" height=\"113\" srcset=\"https:\/\/heizungen-klima-sanitaer.de\/page\/wp-content\/uploads\/startseite\/solar.jpg 690w, https:\/\/heizungen-klima-sanitaer.de\/page\/wp-content\/uploads\/startseite\/solar-300x200.jpg 300w, https:\/\/heizungen-klima-sanitaer.de\/page\/wp-content\/uploads\/startseite\/solar-90x60.jpg 90w, https:\/\/heizungen-klima-sanitaer.de\/page\/wp-content\/uploads\/startseite\/solar-180x120.jpg 180w, https:\/\/heizungen-klima-sanitaer.de\/page\/wp-content\/uploads\/startseite\/solar-95x64.jpg 95w\" sizes=\"auto, (max-width: 170px) 100vw, 170px\" \/><\/a>SOLARANLAGEN <\/strong>&#8211; Die Sonne liefert uns t\u00e4glich ein enormes Energiepotential. Diese Quelle ist in den n\u00e4chsten 5 Milliarden Jahren unersch\u00f6pflich, kostenlos und umweltfreundlich. Die Marken-Solarsysteme, die heute angeboten werden, erzielen einen rentablen Energieertrag, mit komfortabler Anlagentechnik und attraktiver Optik. Auch hier k\u00f6nnen wir Sie beraten.<\/p>\n<div class=\"clear\" style=\"height:5px;\"><\/div>\n<p style=\"text-align: right;\"><span class=\"mom_button_wrap\" ><a class=\"button mom_button custom_bt \" href=\"solaranlagen\"  style=\"background:#b5b5b5;font-family:;-webkit-border-radius: 3px; border-radius: 3px;\" data-bg=\"#b5b5b5\" data-hoverbg=\"#757575\" data-text=\"\" data-texthover=\"\">mehr dar\u00fcber\u2026<\/a><\/span><\/p>\n<p><\/blockquote>\n<div class=\"clear\" style=\"height:25px;\"><\/div>\n<h4><blockquote class=\"mom_quote \" style=\"font-family:;\">\u00dcBER UNS: Heizung-Klima-Sanit\u00e4r und Solar auf Mallorca<\/blockquote><\/h4>\n<div class=\"clear\" style=\"height:10px;\"><\/div>\n<blockquote><p><span style=\"color: #333300;\">Schon immer handwerklich begabt, entschied sich Roland f\u00fcr eine Lehre im Heizungs- und Sanit\u00e4rbereich, die er 1977 nach nur 2 Jahren, wegen \u00fcberdurchschnittlichen Leistungen, abschloss und lange Zeit in diesem Beruf t\u00e4tig war.\u00a01995 legte er die Meisterpr\u00fcfung ab. Auch sein Sohn traten in seine professionellen Fu\u00dfstapfen. Als Familienbetrieb sind sie\u00a0deshalb ein gut eingespieltes, diszipliniertes Team, das vor allen Dingen auf Perfektion und saubere Arbeit setzt.<\/span><\/p><\/blockquote>\n<div class=\"clear\" style=\"height:5px;\"><\/div>\n<blockquote><p><span style=\"color: #333300;\">In Zusammenarbeit mit Spitzenunternehmen, haben wir hier auf Mallorca die M\u00f6glichkeit auch mit alternativen Energien zu arbeiten. Dies ist in diesen Breitengraden besonders interessant und effektiv. Die feste Partnerschaft mit einigen Unternehmen und das Privileg hier arbeiten und leben zu k\u00f6nnen, hat Mallorca zu unserer Wahlheimat gemacht.<\/span><\/p><\/blockquote>\n<div class=\"clear\" style=\"height:5px;\"><\/div>\n<blockquote class=\"mom_quote \" style=\"font-family:;color:#000000; \"><span class=\"quote-arrow\" style=\"border-left-color:;\"><\/span><\/p>\n<p>Unsere letzte Projekte: Heizung-Klima-Sanit\u00e4r-Installisation<\/p>\n<p><\/blockquote>\n<div class=\"clear\" style=\"height:20px;\"><\/div>\n\t<script>\n\t\tjQuery(document).ready(function($){\n\t\t\t$(\"a[rel^='prettyPhoto']\").prettyPhoto({animation_speed:'fast',slideshow:10000, deeplinking: false});\n\t\t});\n\t<\/script>\n\t<div class=\"mom_carousel mom_images_grid_208\"><div class=\"mom_images_grid mom_images_four_cols\"><script>\n\t\tjQuery(document).ready(function($){\n\t\t\t $(\".mom_images_grid_208 ul\").owlCarousel({\n\t\t\t\titems:4,\n\t\t\t\tbaseClass: \"mom-carousel\",\n\t\t\t\tautoplay: \"1\",\n\t\t\t\tautoplayTimeout: 4000,\n\t\t\t\tautoplayHoverPause: true,\n\t\t\t\trtl: false\n\t\t\t});\n\t\t});\n\t<\/script>\t<ul>\n                                              <li><a href=\"https:\/\/heizungen-klima-sanitaer.de\/page\/wp-content\/uploads\/projekte\/1-letzte-projekte.jpg\" rel=\"prettyPhoto[img_grid-1]\"><img decoding=\"async\" src=\"https:\/\/heizungen-klima-sanitaer.de\/page\/wp-content\/uploads\/projekte\/1-letzte-projekte-610x380.jpg\" alt=\"\"><\/a><\/li>\n                                              <li><a href=\"https:\/\/heizungen-klima-sanitaer.de\/page\/wp-content\/uploads\/projekte\/2-letzte-projekte.jpg\" rel=\"prettyPhoto[img_grid-1]\"><img decoding=\"async\" src=\"https:\/\/heizungen-klima-sanitaer.de\/page\/wp-content\/uploads\/projekte\/2-letzte-projekte-610x380.jpg\" alt=\"\"><\/a><\/li>\n                                              <li><a href=\"https:\/\/heizungen-klima-sanitaer.de\/page\/wp-content\/uploads\/projekte\/3-letzte-projekte.jpg\" rel=\"prettyPhoto[img_grid-1]\"><img decoding=\"async\" src=\"https:\/\/heizungen-klima-sanitaer.de\/page\/wp-content\/uploads\/projekte\/3-letzte-projekte-610x380.jpg\" alt=\"\"><\/a><\/li>\n                                              <li><a href=\"https:\/\/heizungen-klima-sanitaer.de\/page\/wp-content\/uploads\/projekte\/4-letzte-projekte.jpg\" rel=\"prettyPhoto[img_grid-1]\"><img decoding=\"async\" src=\"https:\/\/heizungen-klima-sanitaer.de\/page\/wp-content\/uploads\/projekte\/4-letzte-projekte-610x380.jpg\" alt=\"\"><\/a><\/li>\n                                              <li><a href=\"https:\/\/heizungen-klima-sanitaer.de\/page\/wp-content\/uploads\/projekte\/5-letzte-projekte.jpg\" rel=\"prettyPhoto[img_grid-1]\"><img decoding=\"async\" src=\"https:\/\/heizungen-klima-sanitaer.de\/page\/wp-content\/uploads\/projekte\/5-letzte-projekte-610x380.jpg\" alt=\"\"><\/a><\/li>\n                                              <li><a href=\"https:\/\/heizungen-klima-sanitaer.de\/page\/wp-content\/uploads\/projekte\/6-letzte-projekte.jpg\" rel=\"prettyPhoto[img_grid-1]\"><img decoding=\"async\" src=\"https:\/\/heizungen-klima-sanitaer.de\/page\/wp-content\/uploads\/projekte\/6-letzte-projekte-610x380.jpg\" alt=\"\"><\/a><\/li>\n      \t\t\t\n\t\t<\/ul>\n\t<\/div><\/div>\n","protected":false},"excerpt":{"rendered":"<p>Wir bieten Ihnen\u00a0an: Schon immer handwerklich begabt, entschied sich Roland f\u00fcr eine Lehre im Heizungs- und Sanit\u00e4rbereich, die er 1977 nach nur 2 Jahren, wegen \u00fcberdurchschnittlichen Leistungen, abschloss und lange Zeit in diesem Beruf t\u00e4tig war.\u00a01995 legte er die Meisterpr\u00fcfung ab. Auch sein Sohn traten in seine professionellen Fu\u00dfstapfen. Als Familienbetrieb sind sie\u00a0deshalb ein gut [&hellip;]<\/p>\n","protected":false},"author":2,"featured_media":0,"parent":0,"menu_order":1,"comment_status":"closed","ping_status":"closed","template":"","meta":{"footnotes":""},"class_list":["post-12","page","type-page","status-publish"],"_links":{"self":[{"href":"https:\/\/heizungen-klima-sanitaer.de\/page\/wp-json\/wp\/v2\/pages\/12","targetHints":{"allow":["GET"]}}],"collection":[{"href":"https:\/\/heizungen-klima-sanitaer.de\/page\/wp-json\/wp\/v2\/pages"}],"about":[{"href":"https:\/\/heizungen-klima-sanitaer.de\/page\/wp-json\/wp\/v2\/types\/page"}],"author":[{"embeddable":true,"href":"https:\/\/heizungen-klima-sanitaer.de\/page\/wp-json\/wp\/v2\/users\/2"}],"replies":[{"embeddable":true,"href":"https:\/\/heizungen-klima-sanitaer.de\/page\/wp-json\/wp\/v2\/comments?post=12"}],"version-history":[{"count":14,"href":"https:\/\/heizungen-klima-sanitaer.de\/page\/wp-json\/wp\/v2\/pages\/12\/revisions"}],"predecessor-version":[{"id":946,"href":"https:\/\/heizungen-klima-sanitaer.de\/page\/wp-json\/wp\/v2\/pages\/12\/revisions\/946"}],"wp:attachment":[{"href":"https:\/\/heizungen-klima-sanitaer.de\/page\/wp-json\/wp\/v2\/media?parent=12"}],"curies":[{"name":"wp","href":"https:\/\/api.w.org\/{rel}","templated":true}]}}